{"id":207,"date":"2025-07-22T13:32:22","date_gmt":"2025-07-22T13:32:22","guid":{"rendered":"https:\/\/coldbet.live\/fr\/?page_id=207"},"modified":"2026-04-28T11:30:47","modified_gmt":"2026-04-28T11:30:47","slug":"download","status":"publish","type":"page","link":"https:\/\/coldbet.live\/fr\/download\/","title":{"rendered":"T\u00e9l\u00e9charger"},"content":{"rendered":"","protected":false},"excerpt":{"rendered":"","protected":false},"author":1,"featured_media":0,"parent":0,"menu_order":0,"comment_status":"closed","ping_status":"closed","template":"","meta":{"footnotes":""},"class_list":["post-207","page","type-page","status-publish","hentry"],"yoast_head":"<!-- This site is optimized with the Yoast SEO plugin v24.8.1 - https:\/\/yoast.com\/wordpress\/plugins\/seo\/ -->\n<title>T\u00e9l\u00e9chargement de ColdBet \u1405 Comment installer et commencer<\/title>\n<meta name=\"description\" content=\"Apprenez tout sur le t\u00e9l\u00e9chargement de ColdBet depuis un PC ou un t\u00e9l\u00e9phone - o\u00f9 trouver les APK, comment les installer\" \/>\n<meta name=\"robots\" content=\"index, follow, max-snippet:-1, max-image-preview:large, max-video-preview:-1\" \/>\n<meta property=\"og:locale\" content=\"fr_FR\" \/>\n<meta property=\"og:type\" content=\"article\" \/>\n<meta property=\"og:title\" content=\"T\u00e9l\u00e9chargement de ColdBet \u1405 Comment installer et commencer\" \/>\n<meta property=\"og:description\" content=\"Apprenez tout sur le t\u00e9l\u00e9chargement de ColdBet depuis un PC ou un t\u00e9l\u00e9phone - o\u00f9 trouver les APK, comment les installer\" \/>\n<meta property=\"og:url\" content=\"https:\/\/coldbet.live\/fr\/download\/\" \/>\n<meta property=\"og:site_name\" content=\"coldbet fr\" \/>\n<meta property=\"article:modified_time\" content=\"2026-04-28T11:30:47+00:00\" \/>\n<meta name=\"twitter:card\" content=\"summary_large_image\" \/>\n<script type=\"application\/ld+json\" class=\"yoast-schema-graph\">{\"@context\":\"https:\/\/schema.org\",\"@graph\":[{\"@type\":\"WebPage\",\"@id\":\"https:\/\/coldbet.live\/fr\/download\/\",\"url\":\"https:\/\/coldbet.live\/fr\/download\/\",\"name\":\"T\u00e9l\u00e9chargement de ColdBet \u1405 Comment installer et commencer\",\"isPartOf\":{\"@id\":\"https:\/\/coldbet.live\/fr\/#website\"},\"datePublished\":\"2025-07-22T13:32:22+00:00\",\"dateModified\":\"2026-04-28T11:30:47+00:00\",\"description\":\"Apprenez tout sur le t\u00e9l\u00e9chargement de ColdBet depuis un PC ou un t\u00e9l\u00e9phone - o\u00f9 trouver les APK, comment les installer\",\"breadcrumb\":{\"@id\":\"https:\/\/coldbet.live\/fr\/download\/#breadcrumb\"},\"inLanguage\":\"fr-FR\",\"potentialAction\":[{\"@type\":\"ReadAction\",\"target\":[\"https:\/\/coldbet.live\/fr\/download\/\"]}]},{\"@type\":\"BreadcrumbList\",\"@id\":\"https:\/\/coldbet.live\/fr\/download\/#breadcrumb\",\"itemListElement\":[{\"@type\":\"ListItem\",\"position\":1,\"name\":\"\u0413\u043b\u0430\u0432\u043d\u0430\u044f \u0441\u0442\u0440\u0430\u043d\u0438\u0446\u0430\",\"item\":\"https:\/\/coldbet.live\/fr\/\"},{\"@type\":\"ListItem\",\"position\":2,\"name\":\"T\u00e9l\u00e9charger\"}]},{\"@type\":\"WebSite\",\"@id\":\"https:\/\/coldbet.live\/fr\/#website\",\"url\":\"https:\/\/coldbet.live\/fr\/\",\"name\":\"coldbet fr\",\"description\":\"My WordPress Blog\",\"potentialAction\":[{\"@type\":\"SearchAction\",\"target\":{\"@type\":\"EntryPoint\",\"urlTemplate\":\"https:\/\/coldbet.live\/fr\/?s={search_term_string}\"},\"query-input\":{\"@type\":\"PropertyValueSpecification\",\"valueRequired\":true,\"valueName\":\"search_term_string\"}}],\"inLanguage\":\"fr-FR\"}]}<\/script>\n<!-- \/ Yoast SEO plugin. -->","yoast_head_json":{"title":"T\u00e9l\u00e9chargement de ColdBet \u1405 Comment installer et commencer","description":"Apprenez tout sur le t\u00e9l\u00e9chargement de ColdBet depuis un PC ou un t\u00e9l\u00e9phone - o\u00f9 trouver les APK, comment les installer","robots":{"index":"index","follow":"follow","max-snippet":"max-snippet:-1","max-image-preview":"max-image-preview:large","max-video-preview":"max-video-preview:-1"},"og_locale":"fr_FR","og_type":"article","og_title":"T\u00e9l\u00e9chargement de ColdBet \u1405 Comment installer et commencer","og_description":"Apprenez tout sur le t\u00e9l\u00e9chargement de ColdBet depuis un PC ou un t\u00e9l\u00e9phone - o\u00f9 trouver les APK, comment les installer","og_url":"https:\/\/coldbet.live\/fr\/download\/","og_site_name":"coldbet fr","article_modified_time":"2026-04-28T11:30:47+00:00","twitter_card":"summary_large_image","schema":{"@context":"https:\/\/schema.org","@graph":[{"@type":"WebPage","@id":"https:\/\/coldbet.live\/fr\/download\/","url":"https:\/\/coldbet.live\/fr\/download\/","name":"T\u00e9l\u00e9chargement de ColdBet \u1405 Comment installer et commencer","isPartOf":{"@id":"https:\/\/coldbet.live\/fr\/#website"},"datePublished":"2025-07-22T13:32:22+00:00","dateModified":"2026-04-28T11:30:47+00:00","description":"Apprenez tout sur le t\u00e9l\u00e9chargement de ColdBet depuis un PC ou un t\u00e9l\u00e9phone - o\u00f9 trouver les APK, comment les installer","breadcrumb":{"@id":"https:\/\/coldbet.live\/fr\/download\/#breadcrumb"},"inLanguage":"fr-FR","potentialAction":[{"@type":"ReadAction","target":["https:\/\/coldbet.live\/fr\/download\/"]}]},{"@type":"BreadcrumbList","@id":"https:\/\/coldbet.live\/fr\/download\/#breadcrumb","itemListElement":[{"@type":"ListItem","position":1,"name":"\u0413\u043b\u0430\u0432\u043d\u0430\u044f \u0441\u0442\u0440\u0430\u043d\u0438\u0446\u0430","item":"https:\/\/coldbet.live\/fr\/"},{"@type":"ListItem","position":2,"name":"T\u00e9l\u00e9charger"}]},{"@type":"WebSite","@id":"https:\/\/coldbet.live\/fr\/#website","url":"https:\/\/coldbet.live\/fr\/","name":"coldbet fr","description":"My WordPress Blog","potentialAction":[{"@type":"SearchAction","target":{"@type":"EntryPoint","urlTemplate":"https:\/\/coldbet.live\/fr\/?s={search_term_string}"},"query-input":{"@type":"PropertyValueSpecification","valueRequired":true,"valueName":"search_term_string"}}],"inLanguage":"fr-FR"}]}},"_links":{"self":[{"href":"https:\/\/coldbet.live\/fr\/wp-json\/wp\/v2\/pages\/207","targetHints":{"allow":["GET"]}}],"collection":[{"href":"https:\/\/coldbet.live\/fr\/wp-json\/wp\/v2\/pages"}],"about":[{"href":"https:\/\/coldbet.live\/fr\/wp-json\/wp\/v2\/types\/page"}],"author":[{"embeddable":true,"href":"https:\/\/coldbet.live\/fr\/wp-json\/wp\/v2\/users\/1"}],"replies":[{"embeddable":true,"href":"https:\/\/coldbet.live\/fr\/wp-json\/wp\/v2\/comments?post=207"}],"version-history":[{"count":5,"href":"https:\/\/coldbet.live\/fr\/wp-json\/wp\/v2\/pages\/207\/revisions"}],"predecessor-version":[{"id":235,"href":"https:\/\/coldbet.live\/fr\/wp-json\/wp\/v2\/pages\/207\/revisions\/235"}],"wp:attachment":[{"href":"https:\/\/coldbet.live\/fr\/wp-json\/wp\/v2\/media?parent=207"}],"curies":[{"name":"wp","href":"https:\/\/api.w.org\/{rel}","templated":true}]}}